{"id":2119,"date":"2015-09-30T16:53:16","date_gmt":"2015-09-30T16:53:16","guid":{"rendered":"http:\/\/www.nocheviejaplayagandia.com\/?page_id=2119"},"modified":"2022-10-14T06:59:07","modified_gmt":"2022-10-14T06:59:07","slug":"hotel-para-nochevieja-en-playa-de-gandia","status":"publish","type":"page","link":"https:\/\/www.nocheviejaplayagandia.com\/?page_id=2119","title":{"rendered":"Hotel para nochevieja en Playa de Gandia"},"content":{"rendered":"<div id=\"pl-2119\"  class=\"panel-layout\" ><div id=\"pg-2119-0\"  class=\"panel-grid panel-has-style\" ><div style=\"padding: 100px 0; \" data-overlay=\"true\" class=\"panel-row-style panel-row-style-for-2119-0\" ><div id=\"pgc-2119-0-0\"  class=\"panel-grid-cell\" ><div id=\"panel-2119-0-0-0\" class=\"so-panel widget widget_sow-editor panel-first-child panel-last-child\" data-index=\"0\" ><div\n\t\t\t\n\t\t\tclass=\"so-widget-sow-editor so-widget-sow-editor-base\"\n\t\t\t\n\t\t>\n<div class=\"siteorigin-widget-tinymce textwidget\">\n\t<h1 class=\"page_title main_title cpt\" style=\"text-align: center;\"><span style=\"color: #358fc2;\">Hotel para nochevieja en Playa de Gandia<\/span><\/h1>\n<\/div>\n<\/div><\/div><\/div><\/div><\/div><div id=\"pg-2119-1\"  class=\"panel-grid panel-has-style\" ><div style=\"padding: 100px 0; \" data-overlay=\"true\" class=\"panel-row-style panel-row-style-for-2119-1\" ><div id=\"pgc-2119-1-0\"  class=\"panel-grid-cell\" ><div id=\"panel-2119-1-0-0\" class=\"so-panel widget widget_sow-slider panel-first-child panel-last-child\" data-index=\"1\" ><div\n\t\t\t\n\t\t\tclass=\"so-widget-sow-slider so-widget-sow-slider-default-6d39609536fd-2119\"\n\t\t\t\n\t\t>\t\t\t\t<div class=\"sow-slider-base\" style=\"display: none\" tabindex=\"0\">\n\t\t\t\t\t<ul\n\t\t\t\t\tclass=\"sow-slider-images\"\n\t\t\t\t\tdata-settings=\"{&quot;pagination&quot;:true,&quot;speed&quot;:800,&quot;timeout&quot;:8000,&quot;paused&quot;:false,&quot;pause_on_hover&quot;:false,&quot;swipe&quot;:true,&quot;nav_always_show_desktop&quot;:&quot;&quot;,&quot;nav_always_show_mobile&quot;:&quot;&quot;,&quot;breakpoint&quot;:&quot;780px&quot;,&quot;unmute&quot;:false,&quot;anchor&quot;:null}\"\n\t\t\t\t\t\t\t\t\t\tdata-anchor-id=\"\"\n\t\t\t\t>\t\t<li class=\"sow-slider-image\" style=\"visibility: visible;\" >\n\t\t\t\t\t\t<img fetchpriority=\"high\" decoding=\"async\" width=\"800\" height=\"400\" src=\"https:\/\/www.nocheviejaplayagandia.com\/wp-content\/uploads\/2015\/09\/hotel-para-nochevieja-655x419.jpg\" class=\"sow-slider-background-image\" alt=\"Hotel para Nochevieja en Gandia\" style=\"\" srcset=\"https:\/\/www.nocheviejaplayagandia.com\/wp-content\/uploads\/2015\/09\/hotel-para-nochevieja-655x419.jpg 800w, https:\/\/www.nocheviejaplayagandia.com\/wp-content\/uploads\/2015\/09\/hotel-para-nochevieja-655x419-300x150.jpg 300w\" sizes=\"(max-width: 800px) 100vw, 800px\" \/>\t\t<\/li>\n\t\t\t\t<li class=\"sow-slider-image\" style=\"visibility: hidden;\" >\n\t\t\t\t\t\t<img decoding=\"async\" width=\"800\" height=\"400\" src=\"https:\/\/www.nocheviejaplayagandia.com\/wp-content\/uploads\/2015\/09\/hotel-en-gandia-1000x639.jpg\" class=\"sow-slider-background-image\" alt=\"Hotel para nochevieja en Gandia\" style=\"\" srcset=\"https:\/\/www.nocheviejaplayagandia.com\/wp-content\/uploads\/2015\/09\/hotel-en-gandia-1000x639.jpg 800w, https:\/\/www.nocheviejaplayagandia.com\/wp-content\/uploads\/2015\/09\/hotel-en-gandia-1000x639-300x150.jpg 300w\" sizes=\"(max-width: 800px) 100vw, 800px\" \/>\t\t<\/li>\n\t\t\t\t<li class=\"sow-slider-image\" style=\"visibility: hidden;\" >\n\t\t\t\t\t\t<img decoding=\"async\" width=\"800\" height=\"400\" src=\"https:\/\/www.nocheviejaplayagandia.com\/wp-content\/uploads\/2015\/09\/hotel-nochevieja-gandia-655x367.jpg\" class=\"sow-slider-background-image\" alt=\"Hotel para nochevieja en Gandia\" style=\"\" srcset=\"https:\/\/www.nocheviejaplayagandia.com\/wp-content\/uploads\/2015\/09\/hotel-nochevieja-gandia-655x367.jpg 800w, https:\/\/www.nocheviejaplayagandia.com\/wp-content\/uploads\/2015\/09\/hotel-nochevieja-gandia-655x367-300x150.jpg 300w\" sizes=\"(max-width: 800px) 100vw, 800px\" \/>\t\t<\/li>\n\t\t<\/ul>\t\t\t\t<ol class=\"sow-slider-pagination\">\n\t\t\t\t\t\t\t\t\t\t\t<li><a href=\"#\" data-goto=\"0\" aria-label=\"mostrar diapositiva 1\"><\/a><\/li>\n\t\t\t\t\t\t\t\t\t\t\t<li><a href=\"#\" data-goto=\"1\" aria-label=\"mostrar diapositiva 2\"><\/a><\/li>\n\t\t\t\t\t\t\t\t\t\t\t<li><a href=\"#\" data-goto=\"2\" aria-label=\"mostrar diapositiva 3\"><\/a><\/li>\n\t\t\t\t\t\t\t\t\t<\/ol>\n\n\t\t\t\t<div class=\"sow-slide-nav sow-slide-nav-next\">\n\t\t\t\t\t<a href=\"#\" data-goto=\"next\" aria-label=\"diapositiva siguiente\" data-action=\"next\">\n\t\t\t\t\t\t<em class=\"sow-sld-icon-thin-right\"><\/em>\n\t\t\t\t\t<\/a>\n\t\t\t\t<\/div>\n\n\t\t\t\t<div class=\"sow-slide-nav sow-slide-nav-prev\">\n\t\t\t\t\t<a href=\"#\" data-goto=\"previous\" aria-label=\"diapositiva anterior\" data-action=\"prev\">\n\t\t\t\t\t\t<em class=\"sow-sld-icon-thin-left\"><\/em>\n\t\t\t\t\t<\/a>\n\t\t\t\t<\/div>\n\t\t\t\t<\/div><\/div><\/div><\/div><\/div><\/div><div id=\"pg-2119-2\"  class=\"panel-grid panel-has-style\" ><div style=\"padding: 100px 0; \" data-overlay=\"true\" class=\"panel-row-style panel-row-style-for-2119-2\" ><div id=\"pgc-2119-2-0\"  class=\"panel-grid-cell\" ><div id=\"panel-2119-2-0-0\" class=\"so-panel widget widget_sow-editor panel-first-child panel-last-child\" data-index=\"2\" ><div\n\t\t\t\n\t\t\tclass=\"so-widget-sow-editor so-widget-sow-editor-base\"\n\t\t\t\n\t\t>\n<div class=\"siteorigin-widget-tinymce textwidget\">\n\t<p><strong>Nochevieja en Playa de Gandia<\/strong>, tras una escueta selecci\u00f3n de hoteles de <strong>La Playa de Gandia<\/strong> y bas\u00e1ndonos en\u00a0 valoraci\u00f3n tanto v\u00eda web como a pie de calle, os presentamos el <strong>Hotel Gij\u00f3n<\/strong> para esta Nochevieja de 2018.<\/p>\n<p>Cuenta el hotel con una de las instalaciones punteras en La Playa de Gandia, con todos los extras y servicios, situado a escasos metros de todas las zonas de ocio tanto diurno como nocturno.<\/p>\n<p>A vuestra llegada, el staff de nochevieja en Gandia, os acompa\u00f1ara hasta el hotel para facilitaros la entrada y el proceso de inscripci\u00f3n en el mismo y comprobar de primera mano que todo se encuentra a vuestro gusto.<\/p>\n<ul>\n<li>Poseedor de las mejores calidades y servicios que hemos podido comprobar re\u00fane todos estos servicios.<\/li>\n<li>El restaurante cuenta con un buffet aparte de una cafeter\u00eda con su propio bar en el \u00e1tico, tambi\u00e9n ofrece a sus clientes diversos juegos de mesa.<\/li>\n<li>En exteriores posee una piscina climatizada y amplias terrazas con vistas al mar.<\/li>\n<li>Por supuesto servicio telef\u00f3nico en habitaciones y TV internacional, as\u00ed como Wiffi gratuito en todo el hotel y terrazas con la m\u00e1xima cobertura y sin ca\u00eddas de se\u00f1al.<\/li>\n<\/ul>\n<p>En el hotel \u00a0ponemos a tu entera disposici\u00f3n los mejores platos vanguardistas del momento, desde platos tanto al vac\u00edo\u00a0 o ba\u00f1o al vapor, como la cocci\u00f3n a baja temperatura pasando por las gelificaciones hasta las espumas tanto para primeros platos como para postres\u2026<\/p>\n<\/div>\n<\/div><\/div><\/div><\/div><\/div><\/div>","protected":false},"excerpt":{"rendered":"<p>Hotel para nochevieja en Playa de Gandia<\/p>\n","protected":false},"author":1,"featured_media":0,"parent":0,"menu_order":0,"comment_status":"closed","ping_status":"closed","template":"page-templates\/page_fullwidth.php","meta":{"_joinchat":[],"footnotes":""},"class_list":["post-2119","page","type-page","status-publish","hentry"],"yoast_head":"<!-- This site is optimized with the Yoast SEO plugin v26.5 - https:\/\/yoast.com\/wordpress\/plugins\/seo\/ -->\n<title>Hotel para nochevieja en Playa de Gandia - NocheviejaPlayaGandia.com<\/title>\n<meta name=\"robots\" content=\"index, follow, max-snippet:-1, max-image-preview:large, max-video-preview:-1\" \/>\n<link rel=\"canonical\" href=\"https:\/\/www.nocheviejaplayagandia.com\/?page_id=2119\" \/>\n<meta property=\"og:locale\" content=\"es_ES\" \/>\n<meta property=\"og:type\" content=\"article\" \/>\n<meta property=\"og:title\" content=\"Hotel para nochevieja en Playa de Gandia - NocheviejaPlayaGandia.com\" \/>\n<meta property=\"og:description\" content=\"Hotel para nochevieja en Playa de Gandia\" \/>\n<meta property=\"og:url\" content=\"https:\/\/www.nocheviejaplayagandia.com\/?page_id=2119\" \/>\n<meta property=\"og:site_name\" content=\"NocheviejaPlayaGandia.com\" \/>\n<meta property=\"article:modified_time\" content=\"2022-10-14T06:59:07+00:00\" \/>\n<meta name=\"twitter:card\" content=\"summary_large_image\" \/>\n<meta name=\"twitter:label1\" content=\"Tiempo de lectura\" \/>\n\t<meta name=\"twitter:data1\" content=\"1 minuto\" \/>\n<script type=\"application\/ld+json\" class=\"yoast-schema-graph\">{\"@context\":\"https:\/\/schema.org\",\"@graph\":[{\"@type\":\"WebPage\",\"@id\":\"https:\/\/www.nocheviejaplayagandia.com\/?page_id=2119\",\"url\":\"https:\/\/www.nocheviejaplayagandia.com\/?page_id=2119\",\"name\":\"Hotel para nochevieja en Playa de Gandia - NocheviejaPlayaGandia.com\",\"isPartOf\":{\"@id\":\"https:\/\/www.nocheviejaplayagandia.com\/#website\"},\"datePublished\":\"2015-09-30T16:53:16+00:00\",\"dateModified\":\"2022-10-14T06:59:07+00:00\",\"breadcrumb\":{\"@id\":\"https:\/\/www.nocheviejaplayagandia.com\/?page_id=2119#breadcrumb\"},\"inLanguage\":\"es\",\"potentialAction\":[{\"@type\":\"ReadAction\",\"target\":[\"https:\/\/www.nocheviejaplayagandia.com\/?page_id=2119\"]}]},{\"@type\":\"BreadcrumbList\",\"@id\":\"https:\/\/www.nocheviejaplayagandia.com\/?page_id=2119#breadcrumb\",\"itemListElement\":[{\"@type\":\"ListItem\",\"position\":1,\"name\":\"Portada\",\"item\":\"https:\/\/www.nocheviejaplayagandia.com\/\"},{\"@type\":\"ListItem\",\"position\":2,\"name\":\"Hotel para nochevieja en Playa de Gandia\"}]},{\"@type\":\"WebSite\",\"@id\":\"https:\/\/www.nocheviejaplayagandia.com\/#website\",\"url\":\"https:\/\/www.nocheviejaplayagandia.com\/\",\"name\":\"NocheviejaPlayaGandia.com\",\"description\":\"Organizada por el Grupo VayaTela!\",\"publisher\":{\"@id\":\"https:\/\/www.nocheviejaplayagandia.com\/#organization\"},\"potentialAction\":[{\"@type\":\"SearchAction\",\"target\":{\"@type\":\"EntryPoint\",\"urlTemplate\":\"https:\/\/www.nocheviejaplayagandia.com\/?s={search_term_string}\"},\"query-input\":{\"@type\":\"PropertyValueSpecification\",\"valueRequired\":true,\"valueName\":\"search_term_string\"}}],\"inLanguage\":\"es\"},{\"@type\":\"Organization\",\"@id\":\"https:\/\/www.nocheviejaplayagandia.com\/#organization\",\"name\":\"Nochevieja en Gandia\",\"url\":\"https:\/\/www.nocheviejaplayagandia.com\/\",\"logo\":{\"@type\":\"ImageObject\",\"inLanguage\":\"es\",\"@id\":\"https:\/\/www.nocheviejaplayagandia.com\/#\/schema\/logo\/image\/\",\"url\":\"https:\/\/www.nocheviejaplayagandia.com\/wp-content\/uploads\/2015\/09\/logo_en_accion.gif\",\"contentUrl\":\"https:\/\/www.nocheviejaplayagandia.com\/wp-content\/uploads\/2015\/09\/logo_en_accion.gif\",\"width\":223,\"height\":144,\"caption\":\"Nochevieja en Gandia\"},\"image\":{\"@id\":\"https:\/\/www.nocheviejaplayagandia.com\/#\/schema\/logo\/image\/\"}}]}<\/script>\n<!-- \/ Yoast SEO plugin. -->","yoast_head_json":{"title":"Hotel para nochevieja en Playa de Gandia - NocheviejaPlayaGandia.com","robots":{"index":"index","follow":"follow","max-snippet":"max-snippet:-1","max-image-preview":"max-image-preview:large","max-video-preview":"max-video-preview:-1"},"canonical":"https:\/\/www.nocheviejaplayagandia.com\/?page_id=2119","og_locale":"es_ES","og_type":"article","og_title":"Hotel para nochevieja en Playa de Gandia - NocheviejaPlayaGandia.com","og_description":"Hotel para nochevieja en Playa de Gandia","og_url":"https:\/\/www.nocheviejaplayagandia.com\/?page_id=2119","og_site_name":"NocheviejaPlayaGandia.com","article_modified_time":"2022-10-14T06:59:07+00:00","twitter_card":"summary_large_image","twitter_misc":{"Tiempo de lectura":"1 minuto"},"schema":{"@context":"https:\/\/schema.org","@graph":[{"@type":"WebPage","@id":"https:\/\/www.nocheviejaplayagandia.com\/?page_id=2119","url":"https:\/\/www.nocheviejaplayagandia.com\/?page_id=2119","name":"Hotel para nochevieja en Playa de Gandia - NocheviejaPlayaGandia.com","isPartOf":{"@id":"https:\/\/www.nocheviejaplayagandia.com\/#website"},"datePublished":"2015-09-30T16:53:16+00:00","dateModified":"2022-10-14T06:59:07+00:00","breadcrumb":{"@id":"https:\/\/www.nocheviejaplayagandia.com\/?page_id=2119#breadcrumb"},"inLanguage":"es","potentialAction":[{"@type":"ReadAction","target":["https:\/\/www.nocheviejaplayagandia.com\/?page_id=2119"]}]},{"@type":"BreadcrumbList","@id":"https:\/\/www.nocheviejaplayagandia.com\/?page_id=2119#breadcrumb","itemListElement":[{"@type":"ListItem","position":1,"name":"Portada","item":"https:\/\/www.nocheviejaplayagandia.com\/"},{"@type":"ListItem","position":2,"name":"Hotel para nochevieja en Playa de Gandia"}]},{"@type":"WebSite","@id":"https:\/\/www.nocheviejaplayagandia.com\/#website","url":"https:\/\/www.nocheviejaplayagandia.com\/","name":"NocheviejaPlayaGandia.com","description":"Organizada por el Grupo VayaTela!","publisher":{"@id":"https:\/\/www.nocheviejaplayagandia.com\/#organization"},"potentialAction":[{"@type":"SearchAction","target":{"@type":"EntryPoint","urlTemplate":"https:\/\/www.nocheviejaplayagandia.com\/?s={search_term_string}"},"query-input":{"@type":"PropertyValueSpecification","valueRequired":true,"valueName":"search_term_string"}}],"inLanguage":"es"},{"@type":"Organization","@id":"https:\/\/www.nocheviejaplayagandia.com\/#organization","name":"Nochevieja en Gandia","url":"https:\/\/www.nocheviejaplayagandia.com\/","logo":{"@type":"ImageObject","inLanguage":"es","@id":"https:\/\/www.nocheviejaplayagandia.com\/#\/schema\/logo\/image\/","url":"https:\/\/www.nocheviejaplayagandia.com\/wp-content\/uploads\/2015\/09\/logo_en_accion.gif","contentUrl":"https:\/\/www.nocheviejaplayagandia.com\/wp-content\/uploads\/2015\/09\/logo_en_accion.gif","width":223,"height":144,"caption":"Nochevieja en Gandia"},"image":{"@id":"https:\/\/www.nocheviejaplayagandia.com\/#\/schema\/logo\/image\/"}}]}},"_links":{"self":[{"href":"https:\/\/www.nocheviejaplayagandia.com\/index.php?rest_route=\/wp\/v2\/pages\/2119","targetHints":{"allow":["GET"]}}],"collection":[{"href":"https:\/\/www.nocheviejaplayagandia.com\/index.php?rest_route=\/wp\/v2\/pages"}],"about":[{"href":"https:\/\/www.nocheviejaplayagandia.com\/index.php?rest_route=\/wp\/v2\/types\/page"}],"author":[{"embeddable":true,"href":"https:\/\/www.nocheviejaplayagandia.com\/index.php?rest_route=\/wp\/v2\/users\/1"}],"replies":[{"embeddable":true,"href":"https:\/\/www.nocheviejaplayagandia.com\/index.php?rest_route=%2Fwp%2Fv2%2Fcomments&post=2119"}],"version-history":[{"count":11,"href":"https:\/\/www.nocheviejaplayagandia.com\/index.php?rest_route=\/wp\/v2\/pages\/2119\/revisions"}],"predecessor-version":[{"id":2835,"href":"https:\/\/www.nocheviejaplayagandia.com\/index.php?rest_route=\/wp\/v2\/pages\/2119\/revisions\/2835"}],"wp:attachment":[{"href":"https:\/\/www.nocheviejaplayagandia.com\/index.php?rest_route=%2Fwp%2Fv2%2Fmedia&parent=2119"}],"curies":[{"name":"wp","href":"https:\/\/api.w.org\/{rel}","templated":true}]}}