{"id":2062,"date":"2015-09-24T15:40:51","date_gmt":"2015-09-24T15:40:51","guid":{"rendered":"http:\/\/www.nocheviejaplayagandia.com\/?page_id=2062"},"modified":"2025-10-24T16:45:37","modified_gmt":"2025-10-24T16:45:37","slug":"menu-nochevieja-en-gandia","status":"publish","type":"page","link":"https:\/\/www.nocheviejaplayagandia.com\/?page_id=2062","title":{"rendered":"Men\u00fa Nochevieja"},"content":{"rendered":"<div id=\"pl-2062\"  class=\"panel-layout\" ><div id=\"pg-2062-0\"  class=\"panel-grid panel-has-style\" ><div style=\"padding: 100px 0; \" data-overlay=\"true\" class=\"panel-row-style panel-row-style-for-2062-0\" ><div id=\"pgc-2062-0-0\"  class=\"panel-grid-cell\" ><div id=\"panel-2062-0-0-0\" class=\"so-panel widget widget_sow-editor panel-first-child panel-last-child\" data-index=\"0\" ><div style=\"text-align: left;\" data-title-color=\"#443f3f\" data-headings-color=\"#443f3f\" class=\"panel-widget-style panel-widget-style-for-2062-0-0-0\" ><div\n\t\t\t\n\t\t\tclass=\"so-widget-sow-editor so-widget-sow-editor-base\"\n\t\t\t\n\t\t>\n<div class=\"siteorigin-widget-tinymce textwidget\">\n\t<h2 style=\"text-align: center;\">Cena de Nochevieja en Gandia 2025<\/h2>\n<p style=\"text-align: center;\">Para esta Nochevieja en Gandia te hemos preparado los mejores men\u00fas para despedir el a\u00f1o.<br \/>\nMen\u00fas completos, con\u00a0cena y baile, para que el fin de a\u00f1o resulte una noche inolvidable y por supuesto, un buen aperitivo de lo que te espera el resto de la noche.<\/p>\n<p style=\"text-align: center;\"><b>RESERVA AHORA TU MESA POR TAN S\u00d3LO 70\u20ac\/persona<\/b><\/p>\n<p style=\"text-align: center;\"><strong>DISPONIBLE MEN\u00da DE NOCHEVIEJA PARA LLEVAR POR SOLO 50\u20ac\/persona (bebida incluida cada 4 personas)<\/strong><\/p>\n<p><a href=\"https:\/\/www.nocheviejaplayagandia.com\/wp-content\/uploads\/2025\/10\/nochevieja25.jpg\"><img fetchpriority=\"high\" fetchpriority=\"high\" decoding=\"async\" class=\"aligncenter wp-image-3814 size-full\" src=\"https:\/\/www.nocheviejaplayagandia.com\/wp-content\/uploads\/2025\/10\/nochevieja25.jpg\" alt=\"\" width=\"1131\" height=\"1600\" srcset=\"https:\/\/www.nocheviejaplayagandia.com\/wp-content\/uploads\/2025\/10\/nochevieja25.jpg 1131w, https:\/\/www.nocheviejaplayagandia.com\/wp-content\/uploads\/2025\/10\/nochevieja25-212x300.jpg 212w, https:\/\/www.nocheviejaplayagandia.com\/wp-content\/uploads\/2025\/10\/nochevieja25-768x1086.jpg 768w, https:\/\/www.nocheviejaplayagandia.com\/wp-content\/uploads\/2025\/10\/nochevieja25-1086x1536.jpg 1086w, https:\/\/www.nocheviejaplayagandia.com\/wp-content\/uploads\/2025\/10\/nochevieja25-920x1302.jpg 920w, https:\/\/www.nocheviejaplayagandia.com\/wp-content\/uploads\/2025\/10\/nochevieja25-230x325.jpg 230w, https:\/\/www.nocheviejaplayagandia.com\/wp-content\/uploads\/2025\/10\/nochevieja25-350x495.jpg 350w, https:\/\/www.nocheviejaplayagandia.com\/wp-content\/uploads\/2025\/10\/nochevieja25-480x679.jpg 480w\" sizes=\"(max-width: 1131px) 100vw, 1131px\" \/><\/a><\/p>\n<\/div>\n<\/div><\/div><\/div><\/div><\/div><\/div><\/div>","protected":false},"excerpt":{"rendered":"<p>Cena de Nochevieja en Gandia 2025 Para esta Nochevieja en Gandia te hemos preparado los mejores men\u00fas para despedir el a\u00f1o. Men\u00fas completos, con\u00a0cena y [&hellip;]<\/p>\n","protected":false},"author":1,"featured_media":0,"parent":0,"menu_order":0,"comment_status":"closed","ping_status":"closed","template":"page-templates\/page_fullwidth.php","meta":{"_joinchat":[],"footnotes":""},"class_list":["post-2062","page","type-page","status-publish","hentry"],"yoast_head":"<!-- This site is optimized with the Yoast SEO plugin v26.5 - https:\/\/yoast.com\/wordpress\/plugins\/seo\/ -->\n<title>Cena de Nochevieja en Gandia 2025<\/title>\n<meta name=\"description\" content=\"Este es nuestro men\u00fa para la cena de Nochevieja 2025 en nuestro restaurante en la Playa de Gandia. Reserva ya tu mesa!\" \/>\n<meta name=\"robots\" content=\"noindex, follow\" \/>\n<meta property=\"og:locale\" content=\"es_ES\" \/>\n<meta property=\"og:type\" content=\"article\" \/>\n<meta property=\"og:title\" content=\"Cena de Nochevieja en Gandia 2025\" \/>\n<meta property=\"og:description\" content=\"Este es nuestro men\u00fa para la cena de Nochevieja 2025 en nuestro restaurante en la Playa de Gandia. Reserva ya tu mesa!\" \/>\n<meta property=\"og:url\" content=\"https:\/\/www.nocheviejaplayagandia.com\/?page_id=2062\" \/>\n<meta property=\"og:site_name\" content=\"NocheviejaPlayaGandia.com\" \/>\n<meta property=\"article:modified_time\" content=\"2025-10-24T16:45:37+00:00\" \/>\n<meta property=\"og:image\" content=\"https:\/\/www.nocheviejaplayagandia.com\/wp-content\/uploads\/2025\/10\/nochevieja25.jpg\" \/>\n\t<meta property=\"og:image:width\" content=\"1131\" \/>\n\t<meta property=\"og:image:height\" content=\"1600\" \/>\n\t<meta property=\"og:image:type\" content=\"image\/jpeg\" \/>\n<meta name=\"twitter:card\" content=\"summary_large_image\" \/>\n<meta name=\"twitter:label1\" content=\"Tiempo de lectura\" \/>\n\t<meta name=\"twitter:data1\" content=\"1 minuto\" \/>\n<script type=\"application\/ld+json\" class=\"yoast-schema-graph\">{\"@context\":\"https:\/\/schema.org\",\"@graph\":[{\"@type\":\"WebPage\",\"@id\":\"https:\/\/www.nocheviejaplayagandia.com\/?page_id=2062\",\"url\":\"https:\/\/www.nocheviejaplayagandia.com\/?page_id=2062\",\"name\":\"Cena de Nochevieja en Gandia 2025\",\"isPartOf\":{\"@id\":\"https:\/\/www.nocheviejaplayagandia.com\/#website\"},\"primaryImageOfPage\":{\"@id\":\"https:\/\/www.nocheviejaplayagandia.com\/?page_id=2062#primaryimage\"},\"image\":{\"@id\":\"https:\/\/www.nocheviejaplayagandia.com\/?page_id=2062#primaryimage\"},\"thumbnailUrl\":\"https:\/\/www.nocheviejaplayagandia.com\/wp-content\/uploads\/2025\/10\/nochevieja25.jpg\",\"datePublished\":\"2015-09-24T15:40:51+00:00\",\"dateModified\":\"2025-10-24T16:45:37+00:00\",\"description\":\"Este es nuestro men\u00fa para la cena de Nochevieja 2025 en nuestro restaurante en la Playa de Gandia. Reserva ya tu mesa!\",\"breadcrumb\":{\"@id\":\"https:\/\/www.nocheviejaplayagandia.com\/?page_id=2062#breadcrumb\"},\"inLanguage\":\"es\",\"potentialAction\":[{\"@type\":\"ReadAction\",\"target\":[\"https:\/\/www.nocheviejaplayagandia.com\/?page_id=2062\"]}]},{\"@type\":\"ImageObject\",\"inLanguage\":\"es\",\"@id\":\"https:\/\/www.nocheviejaplayagandia.com\/?page_id=2062#primaryimage\",\"url\":\"https:\/\/www.nocheviejaplayagandia.com\/wp-content\/uploads\/2025\/10\/nochevieja25.jpg\",\"contentUrl\":\"https:\/\/www.nocheviejaplayagandia.com\/wp-content\/uploads\/2025\/10\/nochevieja25.jpg\",\"width\":1131,\"height\":1600},{\"@type\":\"BreadcrumbList\",\"@id\":\"https:\/\/www.nocheviejaplayagandia.com\/?page_id=2062#breadcrumb\",\"itemListElement\":[{\"@type\":\"ListItem\",\"position\":1,\"name\":\"Portada\",\"item\":\"https:\/\/www.nocheviejaplayagandia.com\/\"},{\"@type\":\"ListItem\",\"position\":2,\"name\":\"Men\u00fa Nochevieja\"}]},{\"@type\":\"WebSite\",\"@id\":\"https:\/\/www.nocheviejaplayagandia.com\/#website\",\"url\":\"https:\/\/www.nocheviejaplayagandia.com\/\",\"name\":\"NocheviejaPlayaGandia.com\",\"description\":\"Organizada por el Grupo VayaTela!\",\"publisher\":{\"@id\":\"https:\/\/www.nocheviejaplayagandia.com\/#organization\"},\"potentialAction\":[{\"@type\":\"SearchAction\",\"target\":{\"@type\":\"EntryPoint\",\"urlTemplate\":\"https:\/\/www.nocheviejaplayagandia.com\/?s={search_term_string}\"},\"query-input\":{\"@type\":\"PropertyValueSpecification\",\"valueRequired\":true,\"valueName\":\"search_term_string\"}}],\"inLanguage\":\"es\"},{\"@type\":\"Organization\",\"@id\":\"https:\/\/www.nocheviejaplayagandia.com\/#organization\",\"name\":\"Nochevieja en Gandia\",\"url\":\"https:\/\/www.nocheviejaplayagandia.com\/\",\"logo\":{\"@type\":\"ImageObject\",\"inLanguage\":\"es\",\"@id\":\"https:\/\/www.nocheviejaplayagandia.com\/#\/schema\/logo\/image\/\",\"url\":\"https:\/\/www.nocheviejaplayagandia.com\/wp-content\/uploads\/2015\/09\/logo_en_accion.gif\",\"contentUrl\":\"https:\/\/www.nocheviejaplayagandia.com\/wp-content\/uploads\/2015\/09\/logo_en_accion.gif\",\"width\":223,\"height\":144,\"caption\":\"Nochevieja en Gandia\"},\"image\":{\"@id\":\"https:\/\/www.nocheviejaplayagandia.com\/#\/schema\/logo\/image\/\"}}]}<\/script>\n<!-- \/ Yoast SEO plugin. -->","yoast_head_json":{"title":"Cena de Nochevieja en Gandia 2025","description":"Este es nuestro men\u00fa para la cena de Nochevieja 2025 en nuestro restaurante en la Playa de Gandia. Reserva ya tu mesa!","robots":{"index":"noindex","follow":"follow"},"og_locale":"es_ES","og_type":"article","og_title":"Cena de Nochevieja en Gandia 2025","og_description":"Este es nuestro men\u00fa para la cena de Nochevieja 2025 en nuestro restaurante en la Playa de Gandia. Reserva ya tu mesa!","og_url":"https:\/\/www.nocheviejaplayagandia.com\/?page_id=2062","og_site_name":"NocheviejaPlayaGandia.com","article_modified_time":"2025-10-24T16:45:37+00:00","og_image":[{"width":1131,"height":1600,"url":"https:\/\/www.nocheviejaplayagandia.com\/wp-content\/uploads\/2025\/10\/nochevieja25.jpg","type":"image\/jpeg"}],"twitter_card":"summary_large_image","twitter_misc":{"Tiempo de lectura":"1 minuto"},"schema":{"@context":"https:\/\/schema.org","@graph":[{"@type":"WebPage","@id":"https:\/\/www.nocheviejaplayagandia.com\/?page_id=2062","url":"https:\/\/www.nocheviejaplayagandia.com\/?page_id=2062","name":"Cena de Nochevieja en Gandia 2025","isPartOf":{"@id":"https:\/\/www.nocheviejaplayagandia.com\/#website"},"primaryImageOfPage":{"@id":"https:\/\/www.nocheviejaplayagandia.com\/?page_id=2062#primaryimage"},"image":{"@id":"https:\/\/www.nocheviejaplayagandia.com\/?page_id=2062#primaryimage"},"thumbnailUrl":"https:\/\/www.nocheviejaplayagandia.com\/wp-content\/uploads\/2025\/10\/nochevieja25.jpg","datePublished":"2015-09-24T15:40:51+00:00","dateModified":"2025-10-24T16:45:37+00:00","description":"Este es nuestro men\u00fa para la cena de Nochevieja 2025 en nuestro restaurante en la Playa de Gandia. Reserva ya tu mesa!","breadcrumb":{"@id":"https:\/\/www.nocheviejaplayagandia.com\/?page_id=2062#breadcrumb"},"inLanguage":"es","potentialAction":[{"@type":"ReadAction","target":["https:\/\/www.nocheviejaplayagandia.com\/?page_id=2062"]}]},{"@type":"ImageObject","inLanguage":"es","@id":"https:\/\/www.nocheviejaplayagandia.com\/?page_id=2062#primaryimage","url":"https:\/\/www.nocheviejaplayagandia.com\/wp-content\/uploads\/2025\/10\/nochevieja25.jpg","contentUrl":"https:\/\/www.nocheviejaplayagandia.com\/wp-content\/uploads\/2025\/10\/nochevieja25.jpg","width":1131,"height":1600},{"@type":"BreadcrumbList","@id":"https:\/\/www.nocheviejaplayagandia.com\/?page_id=2062#breadcrumb","itemListElement":[{"@type":"ListItem","position":1,"name":"Portada","item":"https:\/\/www.nocheviejaplayagandia.com\/"},{"@type":"ListItem","position":2,"name":"Men\u00fa Nochevieja"}]},{"@type":"WebSite","@id":"https:\/\/www.nocheviejaplayagandia.com\/#website","url":"https:\/\/www.nocheviejaplayagandia.com\/","name":"NocheviejaPlayaGandia.com","description":"Organizada por el Grupo VayaTela!","publisher":{"@id":"https:\/\/www.nocheviejaplayagandia.com\/#organization"},"potentialAction":[{"@type":"SearchAction","target":{"@type":"EntryPoint","urlTemplate":"https:\/\/www.nocheviejaplayagandia.com\/?s={search_term_string}"},"query-input":{"@type":"PropertyValueSpecification","valueRequired":true,"valueName":"search_term_string"}}],"inLanguage":"es"},{"@type":"Organization","@id":"https:\/\/www.nocheviejaplayagandia.com\/#organization","name":"Nochevieja en Gandia","url":"https:\/\/www.nocheviejaplayagandia.com\/","logo":{"@type":"ImageObject","inLanguage":"es","@id":"https:\/\/www.nocheviejaplayagandia.com\/#\/schema\/logo\/image\/","url":"https:\/\/www.nocheviejaplayagandia.com\/wp-content\/uploads\/2015\/09\/logo_en_accion.gif","contentUrl":"https:\/\/www.nocheviejaplayagandia.com\/wp-content\/uploads\/2015\/09\/logo_en_accion.gif","width":223,"height":144,"caption":"Nochevieja en Gandia"},"image":{"@id":"https:\/\/www.nocheviejaplayagandia.com\/#\/schema\/logo\/image\/"}}]}},"_links":{"self":[{"href":"https:\/\/www.nocheviejaplayagandia.com\/index.php?rest_route=\/wp\/v2\/pages\/2062","targetHints":{"allow":["GET"]}}],"collection":[{"href":"https:\/\/www.nocheviejaplayagandia.com\/index.php?rest_route=\/wp\/v2\/pages"}],"about":[{"href":"https:\/\/www.nocheviejaplayagandia.com\/index.php?rest_route=\/wp\/v2\/types\/page"}],"author":[{"embeddable":true,"href":"https:\/\/www.nocheviejaplayagandia.com\/index.php?rest_route=\/wp\/v2\/users\/1"}],"replies":[{"embeddable":true,"href":"https:\/\/www.nocheviejaplayagandia.com\/index.php?rest_route=%2Fwp%2Fv2%2Fcomments&post=2062"}],"version-history":[{"count":65,"href":"https:\/\/www.nocheviejaplayagandia.com\/index.php?rest_route=\/wp\/v2\/pages\/2062\/revisions"}],"predecessor-version":[{"id":3821,"href":"https:\/\/www.nocheviejaplayagandia.com\/index.php?rest_route=\/wp\/v2\/pages\/2062\/revisions\/3821"}],"wp:attachment":[{"href":"https:\/\/www.nocheviejaplayagandia.com\/index.php?rest_route=%2Fwp%2Fv2%2Fmedia&parent=2062"}],"curies":[{"name":"wp","href":"https:\/\/api.w.org\/{rel}","templated":true}]}}