{"id":2025,"date":"2015-09-19T15:12:42","date_gmt":"2015-09-19T15:12:42","guid":{"rendered":"http:\/\/www.nocheviejaplayagandia.com\/?page_id=2025"},"modified":"2022-10-14T06:59:09","modified_gmt":"2022-10-14T06:59:09","slug":"preguntas-frecuentes-nochevieja-gandia","status":"publish","type":"page","link":"https:\/\/www.nocheviejaplayagandia.com\/?page_id=2025","title":{"rendered":"Preguntas frecuentes"},"content":{"rendered":"<div id=\"pl-2025\"  class=\"panel-layout\" ><div id=\"pg-2025-0\"  class=\"panel-grid panel-has-style\" ><div style=\"padding: 100px 0; \" data-overlay=\"true\" class=\"panel-row-style panel-row-style-for-2025-0\" ><div id=\"pgc-2025-0-0\"  class=\"panel-grid-cell\" ><div id=\"panel-2025-0-0-0\" class=\"so-panel widget widget_sow-editor panel-first-child panel-last-child\" data-index=\"0\" ><div\n\t\t\t\n\t\t\tclass=\"so-widget-sow-editor so-widget-sow-editor-base\"\n\t\t\t\n\t\t>\n<div class=\"siteorigin-widget-tinymce textwidget\">\n\t<h3>\u00bfC\u00f3mo puedo realizar una reserva para nochevieja?<\/h3>\n<p>Es muy f\u00e1cil, solo tienes que contactarnos a trav\u00e9s del tel\u00e9fono 685 46 36 26 bien con llamada, Whatsapp o Line. Tambi\u00e9n puedes reservar a trav\u00e9s del <a href=\"https:\/\/www.nocheviejaplayagandia.com\/?page_id=1963\">formulario de contacto<\/a> de esta web o enviando un correo a <a href=\"mailto:info@grupovayatela.com\" target=\"_blank\" rel=\"noopener\">info@grupovayatela.com<\/a><\/p>\n<p>Tambi\u00e9n te asesoramos sobre los packs que m\u00e1s te convienen para que pases tu mejor nochevieja.<\/p>\n<hr \/>\n<h3>\u00bfPuede un mismo grupo contratar diferentes packs con la misma reserva?<\/h3>\n<p>Si, claro, por supuesto, indiferentemente el n\u00famero de personas que se\u00e1is en el grupo. Basta con que teng\u00e1is claro que pack quiere cada uno.<\/p>\n<hr \/>\n<h3>\u00bfPuedo modificar mi reserva?<\/h3>\n<p>Si, se puede modificar una reserva. Se pueden realizar modificaciones hasta 7 d\u00edas antes del evento. Aun as\u00ed, te aconsejamos que te pongas en contacto con nosotros para tratar el caso de una forma m\u00e1s personalizada.<\/p>\n<\/div>\n<\/div><\/div><\/div><\/div><\/div><\/div>","protected":false},"excerpt":{"rendered":"<p>\u00bfC\u00f3mo puedo realizar una reserva para nochevieja? Es muy f\u00e1cil, solo tienes que contactarnos a trav\u00e9s del tel\u00e9fono 685 46 36 26 bien con llamada, [&hellip;]<\/p>\n","protected":false},"author":1,"featured_media":0,"parent":0,"menu_order":0,"comment_status":"closed","ping_status":"closed","template":"page-templates\/page_fullwidth.php","meta":{"_joinchat":[],"footnotes":""},"class_list":["post-2025","page","type-page","status-publish","hentry"],"yoast_head":"<!-- This site is optimized with the Yoast SEO plugin v26.5 - https:\/\/yoast.com\/wordpress\/plugins\/seo\/ -->\n<title>Preguntas frecuentes - NocheviejaPlayaGandia.com<\/title>\n<meta name=\"robots\" content=\"index, follow, max-snippet:-1, max-image-preview:large, max-video-preview:-1\" \/>\n<link rel=\"canonical\" href=\"https:\/\/www.nocheviejaplayagandia.com\/?page_id=2025\" \/>\n<meta property=\"og:locale\" content=\"es_ES\" \/>\n<meta property=\"og:type\" content=\"article\" \/>\n<meta property=\"og:title\" content=\"Preguntas frecuentes - NocheviejaPlayaGandia.com\" \/>\n<meta property=\"og:description\" content=\"\u00bfC\u00f3mo puedo realizar una reserva para nochevieja? Es muy f\u00e1cil, solo tienes que contactarnos a trav\u00e9s del tel\u00e9fono 685 46 36 26 bien con llamada, [&hellip;]\" \/>\n<meta property=\"og:url\" content=\"https:\/\/www.nocheviejaplayagandia.com\/?page_id=2025\" \/>\n<meta property=\"og:site_name\" content=\"NocheviejaPlayaGandia.com\" \/>\n<meta property=\"article:modified_time\" content=\"2022-10-14T06:59:09+00:00\" \/>\n<meta name=\"twitter:card\" content=\"summary_large_image\" \/>\n<meta name=\"twitter:label1\" content=\"Tiempo de lectura\" \/>\n\t<meta name=\"twitter:data1\" content=\"1 minuto\" \/>\n<script type=\"application\/ld+json\" class=\"yoast-schema-graph\">{\"@context\":\"https:\/\/schema.org\",\"@graph\":[{\"@type\":\"WebPage\",\"@id\":\"https:\/\/www.nocheviejaplayagandia.com\/?page_id=2025\",\"url\":\"https:\/\/www.nocheviejaplayagandia.com\/?page_id=2025\",\"name\":\"Preguntas frecuentes - NocheviejaPlayaGandia.com\",\"isPartOf\":{\"@id\":\"https:\/\/www.nocheviejaplayagandia.com\/#website\"},\"datePublished\":\"2015-09-19T15:12:42+00:00\",\"dateModified\":\"2022-10-14T06:59:09+00:00\",\"breadcrumb\":{\"@id\":\"https:\/\/www.nocheviejaplayagandia.com\/?page_id=2025#breadcrumb\"},\"inLanguage\":\"es\",\"potentialAction\":[{\"@type\":\"ReadAction\",\"target\":[\"https:\/\/www.nocheviejaplayagandia.com\/?page_id=2025\"]}]},{\"@type\":\"BreadcrumbList\",\"@id\":\"https:\/\/www.nocheviejaplayagandia.com\/?page_id=2025#breadcrumb\",\"itemListElement\":[{\"@type\":\"ListItem\",\"position\":1,\"name\":\"Portada\",\"item\":\"https:\/\/www.nocheviejaplayagandia.com\/\"},{\"@type\":\"ListItem\",\"position\":2,\"name\":\"Preguntas frecuentes\"}]},{\"@type\":\"WebSite\",\"@id\":\"https:\/\/www.nocheviejaplayagandia.com\/#website\",\"url\":\"https:\/\/www.nocheviejaplayagandia.com\/\",\"name\":\"NocheviejaPlayaGandia.com\",\"description\":\"Organizada por el Grupo VayaTela!\",\"publisher\":{\"@id\":\"https:\/\/www.nocheviejaplayagandia.com\/#organization\"},\"potentialAction\":[{\"@type\":\"SearchAction\",\"target\":{\"@type\":\"EntryPoint\",\"urlTemplate\":\"https:\/\/www.nocheviejaplayagandia.com\/?s={search_term_string}\"},\"query-input\":{\"@type\":\"PropertyValueSpecification\",\"valueRequired\":true,\"valueName\":\"search_term_string\"}}],\"inLanguage\":\"es\"},{\"@type\":\"Organization\",\"@id\":\"https:\/\/www.nocheviejaplayagandia.com\/#organization\",\"name\":\"Nochevieja en Gandia\",\"url\":\"https:\/\/www.nocheviejaplayagandia.com\/\",\"logo\":{\"@type\":\"ImageObject\",\"inLanguage\":\"es\",\"@id\":\"https:\/\/www.nocheviejaplayagandia.com\/#\/schema\/logo\/image\/\",\"url\":\"https:\/\/www.nocheviejaplayagandia.com\/wp-content\/uploads\/2015\/09\/logo_en_accion.gif\",\"contentUrl\":\"https:\/\/www.nocheviejaplayagandia.com\/wp-content\/uploads\/2015\/09\/logo_en_accion.gif\",\"width\":223,\"height\":144,\"caption\":\"Nochevieja en Gandia\"},\"image\":{\"@id\":\"https:\/\/www.nocheviejaplayagandia.com\/#\/schema\/logo\/image\/\"}}]}<\/script>\n<!-- \/ Yoast SEO plugin. -->","yoast_head_json":{"title":"Preguntas frecuentes - NocheviejaPlayaGandia.com","robots":{"index":"index","follow":"follow","max-snippet":"max-snippet:-1","max-image-preview":"max-image-preview:large","max-video-preview":"max-video-preview:-1"},"canonical":"https:\/\/www.nocheviejaplayagandia.com\/?page_id=2025","og_locale":"es_ES","og_type":"article","og_title":"Preguntas frecuentes - NocheviejaPlayaGandia.com","og_description":"\u00bfC\u00f3mo puedo realizar una reserva para nochevieja? Es muy f\u00e1cil, solo tienes que contactarnos a trav\u00e9s del tel\u00e9fono 685 46 36 26 bien con llamada, [&hellip;]","og_url":"https:\/\/www.nocheviejaplayagandia.com\/?page_id=2025","og_site_name":"NocheviejaPlayaGandia.com","article_modified_time":"2022-10-14T06:59:09+00:00","twitter_card":"summary_large_image","twitter_misc":{"Tiempo de lectura":"1 minuto"},"schema":{"@context":"https:\/\/schema.org","@graph":[{"@type":"WebPage","@id":"https:\/\/www.nocheviejaplayagandia.com\/?page_id=2025","url":"https:\/\/www.nocheviejaplayagandia.com\/?page_id=2025","name":"Preguntas frecuentes - NocheviejaPlayaGandia.com","isPartOf":{"@id":"https:\/\/www.nocheviejaplayagandia.com\/#website"},"datePublished":"2015-09-19T15:12:42+00:00","dateModified":"2022-10-14T06:59:09+00:00","breadcrumb":{"@id":"https:\/\/www.nocheviejaplayagandia.com\/?page_id=2025#breadcrumb"},"inLanguage":"es","potentialAction":[{"@type":"ReadAction","target":["https:\/\/www.nocheviejaplayagandia.com\/?page_id=2025"]}]},{"@type":"BreadcrumbList","@id":"https:\/\/www.nocheviejaplayagandia.com\/?page_id=2025#breadcrumb","itemListElement":[{"@type":"ListItem","position":1,"name":"Portada","item":"https:\/\/www.nocheviejaplayagandia.com\/"},{"@type":"ListItem","position":2,"name":"Preguntas frecuentes"}]},{"@type":"WebSite","@id":"https:\/\/www.nocheviejaplayagandia.com\/#website","url":"https:\/\/www.nocheviejaplayagandia.com\/","name":"NocheviejaPlayaGandia.com","description":"Organizada por el Grupo VayaTela!","publisher":{"@id":"https:\/\/www.nocheviejaplayagandia.com\/#organization"},"potentialAction":[{"@type":"SearchAction","target":{"@type":"EntryPoint","urlTemplate":"https:\/\/www.nocheviejaplayagandia.com\/?s={search_term_string}"},"query-input":{"@type":"PropertyValueSpecification","valueRequired":true,"valueName":"search_term_string"}}],"inLanguage":"es"},{"@type":"Organization","@id":"https:\/\/www.nocheviejaplayagandia.com\/#organization","name":"Nochevieja en Gandia","url":"https:\/\/www.nocheviejaplayagandia.com\/","logo":{"@type":"ImageObject","inLanguage":"es","@id":"https:\/\/www.nocheviejaplayagandia.com\/#\/schema\/logo\/image\/","url":"https:\/\/www.nocheviejaplayagandia.com\/wp-content\/uploads\/2015\/09\/logo_en_accion.gif","contentUrl":"https:\/\/www.nocheviejaplayagandia.com\/wp-content\/uploads\/2015\/09\/logo_en_accion.gif","width":223,"height":144,"caption":"Nochevieja en Gandia"},"image":{"@id":"https:\/\/www.nocheviejaplayagandia.com\/#\/schema\/logo\/image\/"}}]}},"_links":{"self":[{"href":"https:\/\/www.nocheviejaplayagandia.com\/index.php?rest_route=\/wp\/v2\/pages\/2025","targetHints":{"allow":["GET"]}}],"collection":[{"href":"https:\/\/www.nocheviejaplayagandia.com\/index.php?rest_route=\/wp\/v2\/pages"}],"about":[{"href":"https:\/\/www.nocheviejaplayagandia.com\/index.php?rest_route=\/wp\/v2\/types\/page"}],"author":[{"embeddable":true,"href":"https:\/\/www.nocheviejaplayagandia.com\/index.php?rest_route=\/wp\/v2\/users\/1"}],"replies":[{"embeddable":true,"href":"https:\/\/www.nocheviejaplayagandia.com\/index.php?rest_route=%2Fwp%2Fv2%2Fcomments&post=2025"}],"version-history":[{"count":12,"href":"https:\/\/www.nocheviejaplayagandia.com\/index.php?rest_route=\/wp\/v2\/pages\/2025\/revisions"}],"predecessor-version":[{"id":3473,"href":"https:\/\/www.nocheviejaplayagandia.com\/index.php?rest_route=\/wp\/v2\/pages\/2025\/revisions\/3473"}],"wp:attachment":[{"href":"https:\/\/www.nocheviejaplayagandia.com\/index.php?rest_route=%2Fwp%2Fv2%2Fmedia&parent=2025"}],"curies":[{"name":"wp","href":"https:\/\/api.w.org\/{rel}","templated":true}]}}