{"id":1963,"date":"2015-09-10T14:59:31","date_gmt":"2015-09-10T14:59:31","guid":{"rendered":"http:\/\/www.nocheviejaplayagandia.com\/?page_id=1963"},"modified":"2022-10-14T06:59:05","modified_gmt":"2022-10-14T06:59:05","slug":"contacta-nochevieja-en-playa-de-gandia","status":"publish","type":"page","link":"https:\/\/www.nocheviejaplayagandia.com\/?page_id=1963","title":{"rendered":"Contacta"},"content":{"rendered":"<div id=\"pl-1963\"  class=\"panel-layout\" ><div id=\"pg-1963-0\"  class=\"panel-grid panel-has-style\" ><div style=\"padding: 100px 0; \" data-overlay=\"true\" class=\"panel-row-style panel-row-style-for-1963-0\" ><div id=\"pgc-1963-0-0\"  class=\"panel-grid-cell\" ><div id=\"panel-1963-0-0-0\" class=\"so-panel widget widget_sow-editor panel-first-child panel-last-child\" data-index=\"0\" ><div\n\t\t\t\n\t\t\tclass=\"so-widget-sow-editor so-widget-sow-editor-base\"\n\t\t\t\n\t\t>\n<div class=\"siteorigin-widget-tinymce textwidget\">\n\t<h2>TE AYUDAMOS CON CUALQUIER DUDA QUE TENGAS<\/h2>\n<p>\u00a1Ll\u00e1manos o env\u00edanos un\u00a0<strong>Whatsapp<\/strong>!\u00a0 !Estamos disponibles casi 24h al d\u00eda!<\/p>\n<p><img decoding=\"async\" class=\"size-full wp-image-4152 alignleft\" src=\"https:\/\/www.despedidassolterogandia.com\/wp-content\/uploads\/2018\/03\/icono-whatsapp.png\" alt=\"\" width=\"80\" height=\"76\" \/>Escr\u00edbenos un Whatsapp al tel\u00e9fono:\u00a0<strong>685463626<\/strong><br \/>\nTe informaremos de todo lo que necesites para organizar la mejor nochevieja que hayas imaginado.<\/p>\n<p>Si lo prefieres, env\u00edanos un mensaje desde este formulario de contacto y te responderemos r\u00e1pidamente\u00a0 a cualquier duda que tengas<\/p>\n\n<div class=\"wpcf7 no-js\" id=\"wpcf7-f2192-o1\" lang=\"es-ES\" dir=\"ltr\" data-wpcf7-id=\"2192\">\n<div class=\"screen-reader-response\"><p role=\"status\" aria-live=\"polite\" aria-atomic=\"true\"><\/p> <ul><\/ul><\/div>\n<form action=\"\/index.php?rest_route=%2Fwp%2Fv2%2Fpages%2F1963#wpcf7-f2192-o1\" method=\"post\" class=\"wpcf7-form init\" aria-label=\"Formulario de contacto\" novalidate=\"novalidate\" data-status=\"init\">\n<fieldset class=\"hidden-fields-container\"><input type=\"hidden\" name=\"_wpcf7\" value=\"2192\" \/><input type=\"hidden\" name=\"_wpcf7_version\" value=\"6.1.4\" \/><input type=\"hidden\" name=\"_wpcf7_locale\" value=\"es_ES\" \/><input type=\"hidden\" name=\"_wpcf7_unit_tag\" value=\"wpcf7-f2192-o1\" \/><input type=\"hidden\" name=\"_wpcf7_container_post\" value=\"0\" \/><input type=\"hidden\" name=\"_wpcf7_posted_data_hash\" value=\"\" \/><input type=\"hidden\" name=\"_wpcf7_recaptcha_response\" value=\"\" \/>\n<\/fieldset>\n<p>Nombre (requerido)\n<\/p>\n<p><span class=\"wpcf7-form-control-wrap\" data-name=\"your-name\"><input size=\"40\" maxlength=\"400\" class=\"wpcf7-form-control wpcf7-text wpcf7-validates-as-required\" aria-required=\"true\" aria-invalid=\"false\" value=\"\" type=\"text\" name=\"your-name\" \/><\/span>\n<\/p>\n<p>Tel\u00e9fono (requerido)\n<\/p>\n<p><span class=\"wpcf7-form-control-wrap\" data-name=\"tel-888\"><input size=\"40\" maxlength=\"400\" class=\"wpcf7-form-control wpcf7-tel wpcf7-validates-as-required wpcf7-text wpcf7-validates-as-tel\" aria-required=\"true\" aria-invalid=\"false\" value=\"\" type=\"tel\" name=\"tel-888\" \/><\/span>\n<\/p>\n<p>Email de contacto (requerido)\n<\/p>\n<p><span class=\"wpcf7-form-control-wrap\" data-name=\"email-124\"><input size=\"40\" maxlength=\"400\" class=\"wpcf7-form-control wpcf7-email wpcf7-validates-as-required wpcf7-text wpcf7-validates-as-email\" aria-required=\"true\" aria-invalid=\"false\" value=\"\" type=\"email\" name=\"email-124\" \/><\/span>\n<\/p>\n<p>Mensaje\n<\/p>\n<p><span class=\"wpcf7-form-control-wrap\" data-name=\"your-message\"><textarea cols=\"40\" rows=\"10\" maxlength=\"2000\" class=\"wpcf7-form-control wpcf7-textarea\" aria-invalid=\"false\" name=\"your-message\"><\/textarea><\/span>\n<\/p>\n<p><input class=\"wpcf7-form-control wpcf7-submit has-spinner\" id=\"2129\" type=\"submit\" value=\"enviar\" \/>\n<\/p><p style=\"display: none !important;\" class=\"akismet-fields-container\" data-prefix=\"_wpcf7_ak_\"><label>&#916;<textarea name=\"_wpcf7_ak_hp_textarea\" cols=\"45\" rows=\"8\" maxlength=\"100\"><\/textarea><\/label><input type=\"hidden\" id=\"ak_js_1\" name=\"_wpcf7_ak_js\" value=\"139\"\/><script>document.getElementById( \"ak_js_1\" ).setAttribute( \"value\", ( new Date() ).getTime() );<\/script><\/p><div class=\"wpcf7-response-output\" aria-hidden=\"true\"><\/div>\n<\/form>\n<\/div>\n\n<\/div>\n<\/div><\/div><\/div><\/div><\/div><\/div>","protected":false},"excerpt":{"rendered":"<p>TE AYUDAMOS CON CUALQUIER DUDA QUE TENGAS \u00a1Ll\u00e1manos o env\u00edanos un\u00a0Whatsapp!\u00a0 !Estamos disponibles casi 24h al d\u00eda! Escr\u00edbenos un Whatsapp al tel\u00e9fono:\u00a0685463626 Te informaremos de [&hellip;]<\/p>\n","protected":false},"author":1,"featured_media":0,"parent":0,"menu_order":0,"comment_status":"closed","ping_status":"closed","template":"page-templates\/page_fullwidth.php","meta":{"_joinchat":[],"footnotes":""},"class_list":["post-1963","page","type-page","status-publish","hentry"],"yoast_head":"<!-- This site is optimized with the Yoast SEO plugin v26.5 - https:\/\/yoast.com\/wordpress\/plugins\/seo\/ -->\n<title>Contacta - NocheviejaPlayaGandia.com<\/title>\n<meta name=\"robots\" content=\"noindex, follow\" \/>\n<meta property=\"og:locale\" content=\"es_ES\" \/>\n<meta property=\"og:type\" content=\"article\" \/>\n<meta property=\"og:title\" content=\"Contacta - NocheviejaPlayaGandia.com\" \/>\n<meta property=\"og:description\" content=\"TE AYUDAMOS CON CUALQUIER DUDA QUE TENGAS \u00a1Ll\u00e1manos o env\u00edanos un\u00a0Whatsapp!\u00a0 !Estamos disponibles casi 24h al d\u00eda! Escr\u00edbenos un Whatsapp al tel\u00e9fono:\u00a0685463626 Te informaremos de [&hellip;]\" \/>\n<meta property=\"og:url\" content=\"https:\/\/www.nocheviejaplayagandia.com\/?page_id=1963\" \/>\n<meta property=\"og:site_name\" content=\"NocheviejaPlayaGandia.com\" \/>\n<meta property=\"article:modified_time\" content=\"2022-10-14T06:59:05+00:00\" \/>\n<meta property=\"og:image\" content=\"https:\/\/www.despedidassolterogandia.com\/wp-content\/uploads\/2018\/03\/icono-whatsapp.png\" \/>\n<meta name=\"twitter:card\" content=\"summary_large_image\" \/>\n<script type=\"application\/ld+json\" class=\"yoast-schema-graph\">{\"@context\":\"https:\/\/schema.org\",\"@graph\":[{\"@type\":\"WebPage\",\"@id\":\"https:\/\/www.nocheviejaplayagandia.com\/?page_id=1963\",\"url\":\"https:\/\/www.nocheviejaplayagandia.com\/?page_id=1963\",\"name\":\"Contacta - NocheviejaPlayaGandia.com\",\"isPartOf\":{\"@id\":\"https:\/\/www.nocheviejaplayagandia.com\/#website\"},\"primaryImageOfPage\":{\"@id\":\"https:\/\/www.nocheviejaplayagandia.com\/?page_id=1963#primaryimage\"},\"image\":{\"@id\":\"https:\/\/www.nocheviejaplayagandia.com\/?page_id=1963#primaryimage\"},\"thumbnailUrl\":\"https:\/\/www.despedidassolterogandia.com\/wp-content\/uploads\/2018\/03\/icono-whatsapp.png\",\"datePublished\":\"2015-09-10T14:59:31+00:00\",\"dateModified\":\"2022-10-14T06:59:05+00:00\",\"breadcrumb\":{\"@id\":\"https:\/\/www.nocheviejaplayagandia.com\/?page_id=1963#breadcrumb\"},\"inLanguage\":\"es\",\"potentialAction\":[{\"@type\":\"ReadAction\",\"target\":[\"https:\/\/www.nocheviejaplayagandia.com\/?page_id=1963\"]}]},{\"@type\":\"ImageObject\",\"inLanguage\":\"es\",\"@id\":\"https:\/\/www.nocheviejaplayagandia.com\/?page_id=1963#primaryimage\",\"url\":\"https:\/\/www.despedidassolterogandia.com\/wp-content\/uploads\/2018\/03\/icono-whatsapp.png\",\"contentUrl\":\"https:\/\/www.despedidassolterogandia.com\/wp-content\/uploads\/2018\/03\/icono-whatsapp.png\"},{\"@type\":\"BreadcrumbList\",\"@id\":\"https:\/\/www.nocheviejaplayagandia.com\/?page_id=1963#breadcrumb\",\"itemListElement\":[{\"@type\":\"ListItem\",\"position\":1,\"name\":\"Portada\",\"item\":\"https:\/\/www.nocheviejaplayagandia.com\/\"},{\"@type\":\"ListItem\",\"position\":2,\"name\":\"Contacta\"}]},{\"@type\":\"WebSite\",\"@id\":\"https:\/\/www.nocheviejaplayagandia.com\/#website\",\"url\":\"https:\/\/www.nocheviejaplayagandia.com\/\",\"name\":\"NocheviejaPlayaGandia.com\",\"description\":\"Organizada por el Grupo VayaTela!\",\"publisher\":{\"@id\":\"https:\/\/www.nocheviejaplayagandia.com\/#organization\"},\"potentialAction\":[{\"@type\":\"SearchAction\",\"target\":{\"@type\":\"EntryPoint\",\"urlTemplate\":\"https:\/\/www.nocheviejaplayagandia.com\/?s={search_term_string}\"},\"query-input\":{\"@type\":\"PropertyValueSpecification\",\"valueRequired\":true,\"valueName\":\"search_term_string\"}}],\"inLanguage\":\"es\"},{\"@type\":\"Organization\",\"@id\":\"https:\/\/www.nocheviejaplayagandia.com\/#organization\",\"name\":\"Nochevieja en Gandia\",\"url\":\"https:\/\/www.nocheviejaplayagandia.com\/\",\"logo\":{\"@type\":\"ImageObject\",\"inLanguage\":\"es\",\"@id\":\"https:\/\/www.nocheviejaplayagandia.com\/#\/schema\/logo\/image\/\",\"url\":\"https:\/\/www.nocheviejaplayagandia.com\/wp-content\/uploads\/2015\/09\/logo_en_accion.gif\",\"contentUrl\":\"https:\/\/www.nocheviejaplayagandia.com\/wp-content\/uploads\/2015\/09\/logo_en_accion.gif\",\"width\":223,\"height\":144,\"caption\":\"Nochevieja en Gandia\"},\"image\":{\"@id\":\"https:\/\/www.nocheviejaplayagandia.com\/#\/schema\/logo\/image\/\"}}]}<\/script>\n<!-- \/ Yoast SEO plugin. -->","yoast_head_json":{"title":"Contacta - NocheviejaPlayaGandia.com","robots":{"index":"noindex","follow":"follow"},"og_locale":"es_ES","og_type":"article","og_title":"Contacta - NocheviejaPlayaGandia.com","og_description":"TE AYUDAMOS CON CUALQUIER DUDA QUE TENGAS \u00a1Ll\u00e1manos o env\u00edanos un\u00a0Whatsapp!\u00a0 !Estamos disponibles casi 24h al d\u00eda! Escr\u00edbenos un Whatsapp al tel\u00e9fono:\u00a0685463626 Te informaremos de [&hellip;]","og_url":"https:\/\/www.nocheviejaplayagandia.com\/?page_id=1963","og_site_name":"NocheviejaPlayaGandia.com","article_modified_time":"2022-10-14T06:59:05+00:00","og_image":[{"url":"https:\/\/www.despedidassolterogandia.com\/wp-content\/uploads\/2018\/03\/icono-whatsapp.png","type":"","width":"","height":""}],"twitter_card":"summary_large_image","schema":{"@context":"https:\/\/schema.org","@graph":[{"@type":"WebPage","@id":"https:\/\/www.nocheviejaplayagandia.com\/?page_id=1963","url":"https:\/\/www.nocheviejaplayagandia.com\/?page_id=1963","name":"Contacta - NocheviejaPlayaGandia.com","isPartOf":{"@id":"https:\/\/www.nocheviejaplayagandia.com\/#website"},"primaryImageOfPage":{"@id":"https:\/\/www.nocheviejaplayagandia.com\/?page_id=1963#primaryimage"},"image":{"@id":"https:\/\/www.nocheviejaplayagandia.com\/?page_id=1963#primaryimage"},"thumbnailUrl":"https:\/\/www.despedidassolterogandia.com\/wp-content\/uploads\/2018\/03\/icono-whatsapp.png","datePublished":"2015-09-10T14:59:31+00:00","dateModified":"2022-10-14T06:59:05+00:00","breadcrumb":{"@id":"https:\/\/www.nocheviejaplayagandia.com\/?page_id=1963#breadcrumb"},"inLanguage":"es","potentialAction":[{"@type":"ReadAction","target":["https:\/\/www.nocheviejaplayagandia.com\/?page_id=1963"]}]},{"@type":"ImageObject","inLanguage":"es","@id":"https:\/\/www.nocheviejaplayagandia.com\/?page_id=1963#primaryimage","url":"https:\/\/www.despedidassolterogandia.com\/wp-content\/uploads\/2018\/03\/icono-whatsapp.png","contentUrl":"https:\/\/www.despedidassolterogandia.com\/wp-content\/uploads\/2018\/03\/icono-whatsapp.png"},{"@type":"BreadcrumbList","@id":"https:\/\/www.nocheviejaplayagandia.com\/?page_id=1963#breadcrumb","itemListElement":[{"@type":"ListItem","position":1,"name":"Portada","item":"https:\/\/www.nocheviejaplayagandia.com\/"},{"@type":"ListItem","position":2,"name":"Contacta"}]},{"@type":"WebSite","@id":"https:\/\/www.nocheviejaplayagandia.com\/#website","url":"https:\/\/www.nocheviejaplayagandia.com\/","name":"NocheviejaPlayaGandia.com","description":"Organizada por el Grupo VayaTela!","publisher":{"@id":"https:\/\/www.nocheviejaplayagandia.com\/#organization"},"potentialAction":[{"@type":"SearchAction","target":{"@type":"EntryPoint","urlTemplate":"https:\/\/www.nocheviejaplayagandia.com\/?s={search_term_string}"},"query-input":{"@type":"PropertyValueSpecification","valueRequired":true,"valueName":"search_term_string"}}],"inLanguage":"es"},{"@type":"Organization","@id":"https:\/\/www.nocheviejaplayagandia.com\/#organization","name":"Nochevieja en Gandia","url":"https:\/\/www.nocheviejaplayagandia.com\/","logo":{"@type":"ImageObject","inLanguage":"es","@id":"https:\/\/www.nocheviejaplayagandia.com\/#\/schema\/logo\/image\/","url":"https:\/\/www.nocheviejaplayagandia.com\/wp-content\/uploads\/2015\/09\/logo_en_accion.gif","contentUrl":"https:\/\/www.nocheviejaplayagandia.com\/wp-content\/uploads\/2015\/09\/logo_en_accion.gif","width":223,"height":144,"caption":"Nochevieja en Gandia"},"image":{"@id":"https:\/\/www.nocheviejaplayagandia.com\/#\/schema\/logo\/image\/"}}]}},"_links":{"self":[{"href":"https:\/\/www.nocheviejaplayagandia.com\/index.php?rest_route=\/wp\/v2\/pages\/1963","targetHints":{"allow":["GET"]}}],"collection":[{"href":"https:\/\/www.nocheviejaplayagandia.com\/index.php?rest_route=\/wp\/v2\/pages"}],"about":[{"href":"https:\/\/www.nocheviejaplayagandia.com\/index.php?rest_route=\/wp\/v2\/types\/page"}],"author":[{"embeddable":true,"href":"https:\/\/www.nocheviejaplayagandia.com\/index.php?rest_route=\/wp\/v2\/users\/1"}],"replies":[{"embeddable":true,"href":"https:\/\/www.nocheviejaplayagandia.com\/index.php?rest_route=%2Fwp%2Fv2%2Fcomments&post=1963"}],"version-history":[{"count":16,"href":"https:\/\/www.nocheviejaplayagandia.com\/index.php?rest_route=\/wp\/v2\/pages\/1963\/revisions"}],"predecessor-version":[{"id":3321,"href":"https:\/\/www.nocheviejaplayagandia.com\/index.php?rest_route=\/wp\/v2\/pages\/1963\/revisions\/3321"}],"wp:attachment":[{"href":"https:\/\/www.nocheviejaplayagandia.com\/index.php?rest_route=%2Fwp%2Fv2%2Fmedia&parent=1963"}],"curies":[{"name":"wp","href":"https:\/\/api.w.org\/{rel}","templated":true}]}}