{"id":1957,"date":"2015-09-10T14:57:44","date_gmt":"2015-09-10T14:57:44","guid":{"rendered":"http:\/\/www.nocheviejaplayagandia.com\/?page_id=1957"},"modified":"2022-10-14T06:59:02","modified_gmt":"2022-10-14T06:59:02","slug":"apartamentos-nochevieja-playa-gandia","status":"publish","type":"page","link":"https:\/\/www.nocheviejaplayagandia.com\/?page_id=1957","title":{"rendered":"Alojamiento nochevieja"},"content":{"rendered":"<div id=\"pl-1957\"  class=\"panel-layout\" ><div id=\"pg-1957-0\"  class=\"panel-grid panel-has-style\" ><div style=\"padding: 100px 0; \" data-overlay=\"true\" class=\"panel-row-style panel-row-style-for-1957-0\" ><div id=\"pgc-1957-0-0\"  class=\"panel-grid-cell\" ><div id=\"panel-1957-0-0-0\" class=\"so-panel widget widget_sow-editor panel-first-child panel-last-child\" data-index=\"0\" ><div\n\t\t\t\n\t\t\tclass=\"so-widget-sow-editor so-widget-sow-editor-base\"\n\t\t\t\n\t\t>\n<div class=\"siteorigin-widget-tinymce textwidget\">\n\t<h2><strong>Hotel RH Gij\u00f3n ***<\/strong><\/h2>\n<p>50\u20ac\/PERS ESTAS OFERTAS SIEMPRE TENDR\u00c1N QUE IR ACOMPA\u00d1ADAS DE CENA O ENTRADA A LA DISCOTECA.<\/p>\n<p><img fetchpriority=\"high\" fetchpriority=\"high\" decoding=\"async\" class=\"aligncenter wp-image-1993 size-full\" src=\"http:\/\/www.nocheviejaplayagandia.com\/wp-content\/uploads\/2015\/09\/alojamiento-para-nochevieja-en-gandia.jpg\" alt=\"alojamiento-para-nochevieja-en-gandia\" width=\"1024\" height=\"675\" srcset=\"https:\/\/www.nocheviejaplayagandia.com\/wp-content\/uploads\/2015\/09\/alojamiento-para-nochevieja-en-gandia.jpg 1024w, https:\/\/www.nocheviejaplayagandia.com\/wp-content\/uploads\/2015\/09\/alojamiento-para-nochevieja-en-gandia-300x198.jpg 300w\" sizes=\"(max-width: 1024px) 100vw, 1024px\" \/><\/p>\n<p><a href=\"http:\/\/www.nocheviejaplayagandia.com\/wp-content\/uploads\/2016\/10\/habitaci\u00f3n-est\u00e1ndar.jpg\"><img decoding=\"async\" class=\"wp-image-2377 aligncenter\" src=\"http:\/\/www.nocheviejaplayagandia.com\/wp-content\/uploads\/2016\/10\/habitaci\u00f3n-est\u00e1ndar-1000x639.jpg\" alt=\"Tu mejor pack hotel de lujo y cena con espect\u00e1culo para nochevieja\" width=\"1027\" height=\"657\" srcset=\"https:\/\/www.nocheviejaplayagandia.com\/wp-content\/uploads\/2016\/10\/habitaci\u00f3n-est\u00e1ndar-1000x639.jpg 1000w, https:\/\/www.nocheviejaplayagandia.com\/wp-content\/uploads\/2016\/10\/habitaci\u00f3n-est\u00e1ndar-655x419.jpg 655w, https:\/\/www.nocheviejaplayagandia.com\/wp-content\/uploads\/2016\/10\/habitaci\u00f3n-est\u00e1ndar-330x211.jpg 330w, https:\/\/www.nocheviejaplayagandia.com\/wp-content\/uploads\/2016\/10\/habitaci\u00f3n-est\u00e1ndar-497x318.jpg 497w, https:\/\/www.nocheviejaplayagandia.com\/wp-content\/uploads\/2016\/10\/habitaci\u00f3n-est\u00e1ndar-247x158.jpg 247w, https:\/\/www.nocheviejaplayagandia.com\/wp-content\/uploads\/2016\/10\/habitaci\u00f3n-est\u00e1ndar-660x422.jpg 660w\" sizes=\"(max-width: 1027px) 100vw, 1027px\" \/><\/a><\/p>\n<p><a href=\"http:\/\/www.nocheviejaplayagandia.com\/wp-content\/uploads\/2016\/10\/gij\u00f3n-restaurante.jpg\"><img decoding=\"async\" class=\" wp-image-2376 aligncenter\" src=\"http:\/\/www.nocheviejaplayagandia.com\/wp-content\/uploads\/2016\/10\/gij\u00f3n-restaurante-1000x639.jpg\" alt=\"Tu mejor pack hotel de lujo y cena con espect\u00e1culo para nochevieja\" width=\"1024\" height=\"654\" srcset=\"https:\/\/www.nocheviejaplayagandia.com\/wp-content\/uploads\/2016\/10\/gij\u00f3n-restaurante-1000x639.jpg 1000w, https:\/\/www.nocheviejaplayagandia.com\/wp-content\/uploads\/2016\/10\/gij\u00f3n-restaurante-655x419.jpg 655w, https:\/\/www.nocheviejaplayagandia.com\/wp-content\/uploads\/2016\/10\/gij\u00f3n-restaurante-330x211.jpg 330w, https:\/\/www.nocheviejaplayagandia.com\/wp-content\/uploads\/2016\/10\/gij\u00f3n-restaurante-497x318.jpg 497w, https:\/\/www.nocheviejaplayagandia.com\/wp-content\/uploads\/2016\/10\/gij\u00f3n-restaurante-247x158.jpg 247w, https:\/\/www.nocheviejaplayagandia.com\/wp-content\/uploads\/2016\/10\/gij\u00f3n-restaurante-660x422.jpg 660w\" sizes=\"(max-width: 1024px) 100vw, 1024px\" \/><\/a><\/p>\n<h2><\/h2>\n<h2>Apartamentos Centro Playa<\/h2>\n<p>APARTAMENTOS DE 2\/HABITACIONES<\/p>\n<p>APARTAMENTOS DE 3\/HABITACIONES<\/p>\n<p>APARTAMENTOS DE 4\/HABITACIONES<\/p>\n<p>ESTAS OFERTAS SIEMPRE TENDR\u00c1N QUE IR ACOMPA\u00d1ADAS DE CENA O ENTRADA A LA DISCOTECA De los apartamentos se podr\u00e1 salir hasta las 19:00h .<\/p>\n<p><a href=\"http:\/\/www.nocheviejaplayagandia.com\/wp-content\/uploads\/2019\/10\/IMG_0515-2.jpg\"><img loading=\"lazy\" loading=\"lazy\" decoding=\"async\" class=\"alignnone size-full wp-image-3036\" src=\"http:\/\/www.nocheviejaplayagandia.com\/wp-content\/uploads\/2019\/10\/IMG_0515-2.jpg\" alt=\"\" width=\"592\" height=\"444\" srcset=\"https:\/\/www.nocheviejaplayagandia.com\/wp-content\/uploads\/2019\/10\/IMG_0515-2.jpg 592w, https:\/\/www.nocheviejaplayagandia.com\/wp-content\/uploads\/2019\/10\/IMG_0515-2-300x225.jpg 300w\" sizes=\"auto, (max-width: 592px) 100vw, 592px\" \/><\/a> <a href=\"http:\/\/www.nocheviejaplayagandia.com\/wp-content\/uploads\/2019\/10\/IMG_0517.jpg\"><img loading=\"lazy\" loading=\"lazy\" decoding=\"async\" class=\"alignnone size-full wp-image-3037\" src=\"http:\/\/www.nocheviejaplayagandia.com\/wp-content\/uploads\/2019\/10\/IMG_0517.jpg\" alt=\"\" width=\"592\" height=\"444\" srcset=\"https:\/\/www.nocheviejaplayagandia.com\/wp-content\/uploads\/2019\/10\/IMG_0517.jpg 592w, https:\/\/www.nocheviejaplayagandia.com\/wp-content\/uploads\/2019\/10\/IMG_0517-300x225.jpg 300w\" sizes=\"auto, (max-width: 592px) 100vw, 592px\" \/><\/a> <a href=\"http:\/\/www.nocheviejaplayagandia.com\/wp-content\/uploads\/2019\/10\/gardenias-I-ESC-3-3-E-013.jpg\"><img loading=\"lazy\" loading=\"lazy\" decoding=\"async\" class=\"alignnone size-full wp-image-3038\" src=\"http:\/\/www.nocheviejaplayagandia.com\/wp-content\/uploads\/2019\/10\/gardenias-I-ESC-3-3-E-013.jpg\" alt=\"\" width=\"1536\" height=\"1152\" srcset=\"https:\/\/www.nocheviejaplayagandia.com\/wp-content\/uploads\/2019\/10\/gardenias-I-ESC-3-3-E-013.jpg 1536w, https:\/\/www.nocheviejaplayagandia.com\/wp-content\/uploads\/2019\/10\/gardenias-I-ESC-3-3-E-013-300x225.jpg 300w, https:\/\/www.nocheviejaplayagandia.com\/wp-content\/uploads\/2019\/10\/gardenias-I-ESC-3-3-E-013-768x576.jpg 768w\" sizes=\"auto, (max-width: 1536px) 100vw, 1536px\" \/><\/a><\/p>\n<p>&nbsp;<\/p>\n<h2><\/h2>\n<h2>\u00a0Chalet Playa Centro<\/h2>\n<p><a href=\"http:\/\/www.nocheviejaplayagandia.com\/wp-content\/uploads\/2015\/09\/IMG_0912.jpg\"><img loading=\"lazy\" loading=\"lazy\" decoding=\"async\" class=\"alignnone size-large wp-image-2577\" src=\"http:\/\/www.nocheviejaplayagandia.com\/wp-content\/uploads\/2015\/09\/IMG_0912-1000x639.jpg\" alt=\"\" width=\"1000\" height=\"639\" srcset=\"https:\/\/www.nocheviejaplayagandia.com\/wp-content\/uploads\/2015\/09\/IMG_0912-1000x639.jpg 1000w, https:\/\/www.nocheviejaplayagandia.com\/wp-content\/uploads\/2015\/09\/IMG_0912-655x419.jpg 655w, https:\/\/www.nocheviejaplayagandia.com\/wp-content\/uploads\/2015\/09\/IMG_0912-330x211.jpg 330w, https:\/\/www.nocheviejaplayagandia.com\/wp-content\/uploads\/2015\/09\/IMG_0912-497x318.jpg 497w, https:\/\/www.nocheviejaplayagandia.com\/wp-content\/uploads\/2015\/09\/IMG_0912-247x158.jpg 247w, https:\/\/www.nocheviejaplayagandia.com\/wp-content\/uploads\/2015\/09\/IMG_0912-660x422.jpg 660w\" sizes=\"auto, (max-width: 1000px) 100vw, 1000px\" \/><\/a> <a href=\"http:\/\/www.nocheviejaplayagandia.com\/wp-content\/uploads\/2015\/09\/IMG_0919.jpg\"><img loading=\"lazy\" loading=\"lazy\" decoding=\"async\" class=\"alignnone size-large wp-image-2578\" src=\"http:\/\/www.nocheviejaplayagandia.com\/wp-content\/uploads\/2015\/09\/IMG_0919-1000x639.jpg\" alt=\"\" width=\"1000\" height=\"639\" srcset=\"https:\/\/www.nocheviejaplayagandia.com\/wp-content\/uploads\/2015\/09\/IMG_0919-1000x639.jpg 1000w, https:\/\/www.nocheviejaplayagandia.com\/wp-content\/uploads\/2015\/09\/IMG_0919-655x419.jpg 655w, https:\/\/www.nocheviejaplayagandia.com\/wp-content\/uploads\/2015\/09\/IMG_0919-330x211.jpg 330w, https:\/\/www.nocheviejaplayagandia.com\/wp-content\/uploads\/2015\/09\/IMG_0919-497x318.jpg 497w, https:\/\/www.nocheviejaplayagandia.com\/wp-content\/uploads\/2015\/09\/IMG_0919-247x158.jpg 247w, https:\/\/www.nocheviejaplayagandia.com\/wp-content\/uploads\/2015\/09\/IMG_0919-660x422.jpg 660w\" sizes=\"auto, (max-width: 1000px) 100vw, 1000px\" \/><\/a> <a href=\"http:\/\/www.nocheviejaplayagandia.com\/wp-content\/uploads\/2015\/09\/IMG_0922.jpg\"><img loading=\"lazy\" loading=\"lazy\" decoding=\"async\" class=\"alignnone size-large wp-image-2579\" src=\"http:\/\/www.nocheviejaplayagandia.com\/wp-content\/uploads\/2015\/09\/IMG_0922-1000x639.jpg\" alt=\"\" width=\"1000\" height=\"639\" srcset=\"https:\/\/www.nocheviejaplayagandia.com\/wp-content\/uploads\/2015\/09\/IMG_0922-1000x639.jpg 1000w, https:\/\/www.nocheviejaplayagandia.com\/wp-content\/uploads\/2015\/09\/IMG_0922-655x419.jpg 655w, https:\/\/www.nocheviejaplayagandia.com\/wp-content\/uploads\/2015\/09\/IMG_0922-330x211.jpg 330w, https:\/\/www.nocheviejaplayagandia.com\/wp-content\/uploads\/2015\/09\/IMG_0922-497x318.jpg 497w, https:\/\/www.nocheviejaplayagandia.com\/wp-content\/uploads\/2015\/09\/IMG_0922-247x158.jpg 247w, https:\/\/www.nocheviejaplayagandia.com\/wp-content\/uploads\/2015\/09\/IMG_0922-660x422.jpg 660w\" sizes=\"auto, (max-width: 1000px) 100vw, 1000px\" \/><\/a><\/p>\n<h2><em><strong>Chalet Primera Linea\u00a0<\/strong><\/em><\/h2>\n<p><img loading=\"lazy\" loading=\"lazy\" decoding=\"async\" class=\" wp-image-2491 aligncenter\" src=\"http:\/\/www.nocheviejaplayagandia.com\/wp-content\/uploads\/2015\/09\/100_0559-1000x639.jpg\" alt=\"100_0559\" width=\"1072\" height=\"685\" srcset=\"https:\/\/www.nocheviejaplayagandia.com\/wp-content\/uploads\/2015\/09\/100_0559-1000x639.jpg 1000w, https:\/\/www.nocheviejaplayagandia.com\/wp-content\/uploads\/2015\/09\/100_0559-655x419.jpg 655w, https:\/\/www.nocheviejaplayagandia.com\/wp-content\/uploads\/2015\/09\/100_0559-330x211.jpg 330w, https:\/\/www.nocheviejaplayagandia.com\/wp-content\/uploads\/2015\/09\/100_0559-497x318.jpg 497w, https:\/\/www.nocheviejaplayagandia.com\/wp-content\/uploads\/2015\/09\/100_0559-247x158.jpg 247w, https:\/\/www.nocheviejaplayagandia.com\/wp-content\/uploads\/2015\/09\/100_0559-660x422.jpg 660w\" sizes=\"auto, (max-width: 1072px) 100vw, 1072px\" \/><\/p>\n<p><a href=\"http:\/\/www.nocheviejaplayagandia.com\/wp-content\/uploads\/2015\/09\/100_0557.jpg\"><img loading=\"lazy\" loading=\"lazy\" decoding=\"async\" class=\" wp-image-2490 aligncenter\" src=\"http:\/\/www.nocheviejaplayagandia.com\/wp-content\/uploads\/2015\/09\/100_0557-1000x639.jpg\" alt=\"100_0557\" width=\"1084\" height=\"693\" srcset=\"https:\/\/www.nocheviejaplayagandia.com\/wp-content\/uploads\/2015\/09\/100_0557-1000x639.jpg 1000w, https:\/\/www.nocheviejaplayagandia.com\/wp-content\/uploads\/2015\/09\/100_0557-655x419.jpg 655w, https:\/\/www.nocheviejaplayagandia.com\/wp-content\/uploads\/2015\/09\/100_0557-330x211.jpg 330w, https:\/\/www.nocheviejaplayagandia.com\/wp-content\/uploads\/2015\/09\/100_0557-497x318.jpg 497w, https:\/\/www.nocheviejaplayagandia.com\/wp-content\/uploads\/2015\/09\/100_0557-247x158.jpg 247w, https:\/\/www.nocheviejaplayagandia.com\/wp-content\/uploads\/2015\/09\/100_0557-660x422.jpg 660w\" sizes=\"auto, (max-width: 1084px) 100vw, 1084px\" \/><\/a><\/p>\n<h2>\u00a0<a href=\"http:\/\/www.nocheviejaplayagandia.com\/wp-content\/uploads\/2015\/09\/100_0551.jpg\"><img loading=\"lazy\" loading=\"lazy\" decoding=\"async\" class=\" wp-image-2489 aligncenter\" src=\"http:\/\/www.nocheviejaplayagandia.com\/wp-content\/uploads\/2015\/09\/100_0551-1000x639.jpg\" alt=\"100_0551\" width=\"1089\" height=\"696\" srcset=\"https:\/\/www.nocheviejaplayagandia.com\/wp-content\/uploads\/2015\/09\/100_0551-1000x639.jpg 1000w, https:\/\/www.nocheviejaplayagandia.com\/wp-content\/uploads\/2015\/09\/100_0551-655x419.jpg 655w, https:\/\/www.nocheviejaplayagandia.com\/wp-content\/uploads\/2015\/09\/100_0551-330x211.jpg 330w, https:\/\/www.nocheviejaplayagandia.com\/wp-content\/uploads\/2015\/09\/100_0551-497x318.jpg 497w, https:\/\/www.nocheviejaplayagandia.com\/wp-content\/uploads\/2015\/09\/100_0551-247x158.jpg 247w, https:\/\/www.nocheviejaplayagandia.com\/wp-content\/uploads\/2015\/09\/100_0551-660x422.jpg 660w\" sizes=\"auto, (max-width: 1089px) 100vw, 1089px\" \/><\/a><\/h2>\n<h2><\/h2>\n<h2><\/h2>\n<h2><\/h2>\n<h2><\/h2>\n<h2><\/h2>\n<h2><\/h2>\n<h2><\/h2>\n<h2><\/h2>\n<h2><\/h2>\n<h2><\/h2>\n<h2><\/h2>\n<h2><\/h2>\n<h2><\/h2>\n<h2><\/h2>\n<h2><\/h2>\n<h2><\/h2>\n<h2><\/h2>\n<h2><\/h2>\n<h2><\/h2>\n<h2><\/h2>\n<h2><\/h2>\n<h2><\/h2>\n<\/div>\n<\/div><\/div><\/div><\/div><\/div><\/div>","protected":false},"excerpt":{"rendered":"<p>Hotel RH Gij\u00f3n *** 50\u20ac\/PERS ESTAS OFERTAS SIEMPRE TENDR\u00c1N QUE IR ACOMPA\u00d1ADAS DE CENA O ENTRADA A LA DISCOTECA. Apartamentos Centro Playa APARTAMENTOS DE 2\/HABITACIONES [&hellip;]<\/p>\n","protected":false},"author":1,"featured_media":0,"parent":0,"menu_order":0,"comment_status":"closed","ping_status":"closed","template":"page-templates\/page_fullwidth.php","meta":{"_joinchat":[],"footnotes":""},"class_list":["post-1957","page","type-page","status-publish","hentry"],"yoast_head":"<!-- This site is optimized with the Yoast SEO plugin v26.5 - https:\/\/yoast.com\/wordpress\/plugins\/seo\/ -->\n<title>Apartamentos Nochevieja | Nochevieja Playa Gandia<\/title>\n<meta name=\"description\" content=\"Nochevieja Playa Gandia te ofrece los mejores y ofertas de apartamentos en Playa de Gandia para esta Nochevieja.\" \/>\n<meta name=\"robots\" content=\"index, follow, max-snippet:-1, max-image-preview:large, max-video-preview:-1\" \/>\n<link rel=\"canonical\" href=\"https:\/\/www.nocheviejaplayagandia.com\/?page_id=1957\" \/>\n<meta property=\"og:locale\" content=\"es_ES\" \/>\n<meta property=\"og:type\" content=\"article\" \/>\n<meta property=\"og:title\" content=\"Apartamentos Nochevieja | Nochevieja Playa Gandia\" \/>\n<meta property=\"og:description\" content=\"Nochevieja Playa Gandia te ofrece los mejores y ofertas de apartamentos en Playa de Gandia para esta Nochevieja.\" \/>\n<meta property=\"og:url\" content=\"https:\/\/www.nocheviejaplayagandia.com\/?page_id=1957\" \/>\n<meta property=\"og:site_name\" content=\"NocheviejaPlayaGandia.com\" \/>\n<meta property=\"article:modified_time\" content=\"2022-10-14T06:59:02+00:00\" \/>\n<meta property=\"og:image\" content=\"http:\/\/www.nocheviejaplayagandia.com\/wp-content\/uploads\/2015\/09\/alojamiento-para-nochevieja-en-gandia.jpg\" \/>\n<meta name=\"twitter:card\" content=\"summary_large_image\" \/>\n<script type=\"application\/ld+json\" class=\"yoast-schema-graph\">{\"@context\":\"https:\/\/schema.org\",\"@graph\":[{\"@type\":\"WebPage\",\"@id\":\"https:\/\/www.nocheviejaplayagandia.com\/?page_id=1957\",\"url\":\"https:\/\/www.nocheviejaplayagandia.com\/?page_id=1957\",\"name\":\"Apartamentos Nochevieja | Nochevieja Playa Gandia\",\"isPartOf\":{\"@id\":\"https:\/\/www.nocheviejaplayagandia.com\/#website\"},\"primaryImageOfPage\":{\"@id\":\"https:\/\/www.nocheviejaplayagandia.com\/?page_id=1957#primaryimage\"},\"image\":{\"@id\":\"https:\/\/www.nocheviejaplayagandia.com\/?page_id=1957#primaryimage\"},\"thumbnailUrl\":\"http:\/\/www.nocheviejaplayagandia.com\/wp-content\/uploads\/2015\/09\/alojamiento-para-nochevieja-en-gandia.jpg\",\"datePublished\":\"2015-09-10T14:57:44+00:00\",\"dateModified\":\"2022-10-14T06:59:02+00:00\",\"description\":\"Nochevieja Playa Gandia te ofrece los mejores y ofertas de apartamentos en Playa de Gandia para esta Nochevieja.\",\"breadcrumb\":{\"@id\":\"https:\/\/www.nocheviejaplayagandia.com\/?page_id=1957#breadcrumb\"},\"inLanguage\":\"es\",\"potentialAction\":[{\"@type\":\"ReadAction\",\"target\":[\"https:\/\/www.nocheviejaplayagandia.com\/?page_id=1957\"]}]},{\"@type\":\"ImageObject\",\"inLanguage\":\"es\",\"@id\":\"https:\/\/www.nocheviejaplayagandia.com\/?page_id=1957#primaryimage\",\"url\":\"http:\/\/www.nocheviejaplayagandia.com\/wp-content\/uploads\/2015\/09\/alojamiento-para-nochevieja-en-gandia.jpg\",\"contentUrl\":\"http:\/\/www.nocheviejaplayagandia.com\/wp-content\/uploads\/2015\/09\/alojamiento-para-nochevieja-en-gandia.jpg\"},{\"@type\":\"BreadcrumbList\",\"@id\":\"https:\/\/www.nocheviejaplayagandia.com\/?page_id=1957#breadcrumb\",\"itemListElement\":[{\"@type\":\"ListItem\",\"position\":1,\"name\":\"Portada\",\"item\":\"https:\/\/www.nocheviejaplayagandia.com\/\"},{\"@type\":\"ListItem\",\"position\":2,\"name\":\"Alojamiento nochevieja\"}]},{\"@type\":\"WebSite\",\"@id\":\"https:\/\/www.nocheviejaplayagandia.com\/#website\",\"url\":\"https:\/\/www.nocheviejaplayagandia.com\/\",\"name\":\"NocheviejaPlayaGandia.com\",\"description\":\"Organizada por el Grupo VayaTela!\",\"publisher\":{\"@id\":\"https:\/\/www.nocheviejaplayagandia.com\/#organization\"},\"potentialAction\":[{\"@type\":\"SearchAction\",\"target\":{\"@type\":\"EntryPoint\",\"urlTemplate\":\"https:\/\/www.nocheviejaplayagandia.com\/?s={search_term_string}\"},\"query-input\":{\"@type\":\"PropertyValueSpecification\",\"valueRequired\":true,\"valueName\":\"search_term_string\"}}],\"inLanguage\":\"es\"},{\"@type\":\"Organization\",\"@id\":\"https:\/\/www.nocheviejaplayagandia.com\/#organization\",\"name\":\"Nochevieja en Gandia\",\"url\":\"https:\/\/www.nocheviejaplayagandia.com\/\",\"logo\":{\"@type\":\"ImageObject\",\"inLanguage\":\"es\",\"@id\":\"https:\/\/www.nocheviejaplayagandia.com\/#\/schema\/logo\/image\/\",\"url\":\"https:\/\/www.nocheviejaplayagandia.com\/wp-content\/uploads\/2015\/09\/logo_en_accion.gif\",\"contentUrl\":\"https:\/\/www.nocheviejaplayagandia.com\/wp-content\/uploads\/2015\/09\/logo_en_accion.gif\",\"width\":223,\"height\":144,\"caption\":\"Nochevieja en Gandia\"},\"image\":{\"@id\":\"https:\/\/www.nocheviejaplayagandia.com\/#\/schema\/logo\/image\/\"}}]}<\/script>\n<!-- \/ Yoast SEO plugin. -->","yoast_head_json":{"title":"Apartamentos Nochevieja | Nochevieja Playa Gandia","description":"Nochevieja Playa Gandia te ofrece los mejores y ofertas de apartamentos en Playa de Gandia para esta Nochevieja.","robots":{"index":"index","follow":"follow","max-snippet":"max-snippet:-1","max-image-preview":"max-image-preview:large","max-video-preview":"max-video-preview:-1"},"canonical":"https:\/\/www.nocheviejaplayagandia.com\/?page_id=1957","og_locale":"es_ES","og_type":"article","og_title":"Apartamentos Nochevieja | Nochevieja Playa Gandia","og_description":"Nochevieja Playa Gandia te ofrece los mejores y ofertas de apartamentos en Playa de Gandia para esta Nochevieja.","og_url":"https:\/\/www.nocheviejaplayagandia.com\/?page_id=1957","og_site_name":"NocheviejaPlayaGandia.com","article_modified_time":"2022-10-14T06:59:02+00:00","og_image":[{"url":"http:\/\/www.nocheviejaplayagandia.com\/wp-content\/uploads\/2015\/09\/alojamiento-para-nochevieja-en-gandia.jpg","type":"","width":"","height":""}],"twitter_card":"summary_large_image","schema":{"@context":"https:\/\/schema.org","@graph":[{"@type":"WebPage","@id":"https:\/\/www.nocheviejaplayagandia.com\/?page_id=1957","url":"https:\/\/www.nocheviejaplayagandia.com\/?page_id=1957","name":"Apartamentos Nochevieja | Nochevieja Playa Gandia","isPartOf":{"@id":"https:\/\/www.nocheviejaplayagandia.com\/#website"},"primaryImageOfPage":{"@id":"https:\/\/www.nocheviejaplayagandia.com\/?page_id=1957#primaryimage"},"image":{"@id":"https:\/\/www.nocheviejaplayagandia.com\/?page_id=1957#primaryimage"},"thumbnailUrl":"http:\/\/www.nocheviejaplayagandia.com\/wp-content\/uploads\/2015\/09\/alojamiento-para-nochevieja-en-gandia.jpg","datePublished":"2015-09-10T14:57:44+00:00","dateModified":"2022-10-14T06:59:02+00:00","description":"Nochevieja Playa Gandia te ofrece los mejores y ofertas de apartamentos en Playa de Gandia para esta Nochevieja.","breadcrumb":{"@id":"https:\/\/www.nocheviejaplayagandia.com\/?page_id=1957#breadcrumb"},"inLanguage":"es","potentialAction":[{"@type":"ReadAction","target":["https:\/\/www.nocheviejaplayagandia.com\/?page_id=1957"]}]},{"@type":"ImageObject","inLanguage":"es","@id":"https:\/\/www.nocheviejaplayagandia.com\/?page_id=1957#primaryimage","url":"http:\/\/www.nocheviejaplayagandia.com\/wp-content\/uploads\/2015\/09\/alojamiento-para-nochevieja-en-gandia.jpg","contentUrl":"http:\/\/www.nocheviejaplayagandia.com\/wp-content\/uploads\/2015\/09\/alojamiento-para-nochevieja-en-gandia.jpg"},{"@type":"BreadcrumbList","@id":"https:\/\/www.nocheviejaplayagandia.com\/?page_id=1957#breadcrumb","itemListElement":[{"@type":"ListItem","position":1,"name":"Portada","item":"https:\/\/www.nocheviejaplayagandia.com\/"},{"@type":"ListItem","position":2,"name":"Alojamiento nochevieja"}]},{"@type":"WebSite","@id":"https:\/\/www.nocheviejaplayagandia.com\/#website","url":"https:\/\/www.nocheviejaplayagandia.com\/","name":"NocheviejaPlayaGandia.com","description":"Organizada por el Grupo VayaTela!","publisher":{"@id":"https:\/\/www.nocheviejaplayagandia.com\/#organization"},"potentialAction":[{"@type":"SearchAction","target":{"@type":"EntryPoint","urlTemplate":"https:\/\/www.nocheviejaplayagandia.com\/?s={search_term_string}"},"query-input":{"@type":"PropertyValueSpecification","valueRequired":true,"valueName":"search_term_string"}}],"inLanguage":"es"},{"@type":"Organization","@id":"https:\/\/www.nocheviejaplayagandia.com\/#organization","name":"Nochevieja en Gandia","url":"https:\/\/www.nocheviejaplayagandia.com\/","logo":{"@type":"ImageObject","inLanguage":"es","@id":"https:\/\/www.nocheviejaplayagandia.com\/#\/schema\/logo\/image\/","url":"https:\/\/www.nocheviejaplayagandia.com\/wp-content\/uploads\/2015\/09\/logo_en_accion.gif","contentUrl":"https:\/\/www.nocheviejaplayagandia.com\/wp-content\/uploads\/2015\/09\/logo_en_accion.gif","width":223,"height":144,"caption":"Nochevieja en Gandia"},"image":{"@id":"https:\/\/www.nocheviejaplayagandia.com\/#\/schema\/logo\/image\/"}}]}},"_links":{"self":[{"href":"https:\/\/www.nocheviejaplayagandia.com\/index.php?rest_route=\/wp\/v2\/pages\/1957","targetHints":{"allow":["GET"]}}],"collection":[{"href":"https:\/\/www.nocheviejaplayagandia.com\/index.php?rest_route=\/wp\/v2\/pages"}],"about":[{"href":"https:\/\/www.nocheviejaplayagandia.com\/index.php?rest_route=\/wp\/v2\/types\/page"}],"author":[{"embeddable":true,"href":"https:\/\/www.nocheviejaplayagandia.com\/index.php?rest_route=\/wp\/v2\/users\/1"}],"replies":[{"embeddable":true,"href":"https:\/\/www.nocheviejaplayagandia.com\/index.php?rest_route=%2Fwp%2Fv2%2Fcomments&post=1957"}],"version-history":[{"count":16,"href":"https:\/\/www.nocheviejaplayagandia.com\/index.php?rest_route=\/wp\/v2\/pages\/1957\/revisions"}],"predecessor-version":[{"id":3039,"href":"https:\/\/www.nocheviejaplayagandia.com\/index.php?rest_route=\/wp\/v2\/pages\/1957\/revisions\/3039"}],"wp:attachment":[{"href":"https:\/\/www.nocheviejaplayagandia.com\/index.php?rest_route=%2Fwp%2Fv2%2Fmedia&parent=1957"}],"curies":[{"name":"wp","href":"https:\/\/api.w.org\/{rel}","templated":true}]}}